{"id":3369,"date":"2025-01-06T16:13:38","date_gmt":"2025-01-06T15:13:38","guid":{"rendered":"https:\/\/dokterwear.com\/?page_id=3369"},"modified":"2025-01-22T23:30:24","modified_gmt":"2025-01-22T22:30:24","slug":"productos-esenciales-para-el-personal-de-salud","status":"publish","type":"page","link":"https:\/\/dokterwear.com\/es\/men\/productos-esenciales-para-el-personal-de-salud\/","title":{"rendered":"Productos Esenciales"},"content":{"rendered":"<h2 class=\"wp-block-heading\">Los Mejores Productos para Hacer de tus D\u00edas de Guardia M\u00e1s C\u00f3modos.<\/h2><p>Te presentamos una p\u00e1gina dedicada dedicada a productos especialmente seleccionados para el personal de salud. Aqu\u00ed encontrar\u00e1s una variedad de art\u00edculos que no solo cumplen con altos est\u00e1ndares de calidad, sino que tambi\u00e9n est\u00e1n dise\u00f1ados para facilitar el trabajo diario y mejorar la experiencia en el \u00e1mbito de la salud.<\/p><h2 class=\"wp-block-heading\">Estetoscopios de Alta Calidad<\/h2><p>Los estetoscopios son una herramienta fundamental para cualquier profesional de la salud. Aqu\u00ed encontraras lo Top de los modelos que combinan precisi\u00f3n y comodidad. Cada uno de estos estetoscopios ha sido seleccionado por su capacidad de proporcionar un audio claro y n\u00edtido, permitiendo diagn\u00f3sticos m\u00e1s efectivos. \u00a1Descubre qu\u00e9 lo hace destacar en el mercado y por qu\u00e9 puede ser tu mejor aliado!<\/p><figure class=\"wp-block-embed is-type-video is-provider-youtube wp-block-embed-youtube wp-embed-aspect-16-9 wp-has-aspect-ratio\"><div class=\"wp-block-embed__wrapper\">\n<iframe loading=\"lazy\" title=\"\u2705 TOP 5 Best Stethoscope For Medical Students : Today\u2019s Top Picks\" width=\"1510\" height=\"849\" src=\"https:\/\/www.youtube.com\/embed\/NKG9HiT9kl0?feature=oembed\" frameborder=\"0\" allow=\"accelerometer; autoplay; clipboard-write; encrypted-media; gyroscope; picture-in-picture; web-share\" referrerpolicy=\"strict-origin-when-cross-origin\" allowfullscreen><\/iframe>\n<\/div><\/figure><p><a href=\"https:\/\/amzn.to\/3E7knYZ\" target=\"_blank\" rel=\"noopener\">https:\/\/amzn.to\/3E7knYZ<\/a><\/p><h2 class=\"wp-block-heading\">Zapatos con Tecnolog\u00eda<\/h2><p>Una buena jornada laboral comienza con el calzado adecuado. En el mercado hay muchas marcas que ofrecen  calzado c\u00f3modo, aqu\u00ed te recopilamos los mejores modelos y marcas del mercado, dise\u00f1ados espec\u00edficamente para el personal de salud, brindando soporte durante largas horas, disminuyendo la fatiga en las articulaciones y mejorando el desempe\u00f1o en cada turno. <\/p><figure class=\"wp-block-embed is-type-video is-provider-youtube wp-block-embed-youtube wp-embed-aspect-16-9 wp-has-aspect-ratio\"><div class=\"wp-block-embed__wrapper\">\n<iframe loading=\"lazy\" title=\"Most Comfortable Shoes For People Who Stand All Day | The Best Nurse Shoes? Hoka Bondi 7\" width=\"1510\" height=\"849\" src=\"https:\/\/www.youtube.com\/embed\/HTQfcy4z5OU?feature=oembed\" frameborder=\"0\" allow=\"accelerometer; autoplay; clipboard-write; encrypted-media; gyroscope; picture-in-picture; web-share\" referrerpolicy=\"strict-origin-when-cross-origin\" allowfullscreen><\/iframe>\n<\/div><\/figure><p><a href=\"https:\/\/amzn.to\/40o5OIU\" target=\"_blank\" rel=\"noopener\">https:\/\/amzn.to\/40o5OIU<\/a><\/p><h2 class=\"wp-block-heading\">Bolsos y Waistbags<\/h2><p>Los Bolsos  deben ser pr\u00e1cticos, resistentes y funcionales, aqu\u00ed tienes una lista de los mejores bolsos, tanto para antes y despu\u00e9s de tu jornada como los que son necesarios durante ella, todos ofrecen m\u00faltiples compartimentos para guardar instrumentos, materiales esenciales y objetos personales, asegurando comodidad y organizaci\u00f3n en tu rutina. \u00a1Perfectos para profesionales en movimiento!<\/p><figure class=\"wp-block-embed is-type-video is-provider-youtube wp-block-embed-youtube wp-embed-aspect-16-9 wp-has-aspect-ratio\"><div class=\"wp-block-embed__wrapper\">\n<iframe loading=\"lazy\" title=\"what&#039;s in my clinical bag for OB rotation!\" width=\"1510\" height=\"849\" src=\"https:\/\/www.youtube.com\/embed\/TPPf0llNDyw?feature=oembed\" frameborder=\"0\" allow=\"accelerometer; autoplay; clipboard-write; encrypted-media; gyroscope; picture-in-picture; web-share\" referrerpolicy=\"strict-origin-when-cross-origin\" allowfullscreen><\/iframe>\n<\/div><\/figure><p><a href=\"https:\/\/amzn.to\/4ateAZE\" target=\"_blank\" rel=\"noopener\">https:\/\/amzn.to\/4ateAZE<\/a><\/p><p><a href=\"https:\/\/amzn.to\/4hpm2ax\" target=\"_blank\" rel=\"noopener\">https:\/\/amzn.to\/4hpm2ax<\/a><\/p><p><\/p>","protected":false},"excerpt":{"rendered":"<p>Los Mejores Productos para Hacer de tus D\u00edas de Guardia M\u00e1s C\u00f3modos. Te presentamos una p\u00e1gina dedicada dedicada a productos especialmente seleccionados para el personal de salud. Aqu\u00ed encontrar\u00e1s una variedad de art\u00edculos que no solo cumplen con altos est\u00e1ndares de calidad, sino que tambi\u00e9n est\u00e1n dise\u00f1ados para facilitar el trabajo diario y mejorar la [&hellip;]<\/p>","protected":false},"author":1,"featured_media":3371,"parent":2528,"menu_order":0,"comment_status":"closed","ping_status":"closed","template":"","meta":{"_uag_custom_page_level_css":"","footnotes":""},"class_list":["post-3369","page","type-page","status-publish","has-post-thumbnail","hentry"],"blocksy_meta":[],"uagb_featured_image_src":{"full":["https:\/\/dokterwear.com\/wp-content\/uploads\/2025\/01\/stethoscope-pen-pills-diary-eyeglasses-bandage-blue-background-scaled.jpg",2560,2560,false],"thumbnail":["https:\/\/dokterwear.com\/wp-content\/uploads\/2025\/01\/stethoscope-pen-pills-diary-eyeglasses-bandage-blue-background-1024x1024.jpg",1024,1024,true],"medium":["https:\/\/dokterwear.com\/wp-content\/uploads\/2025\/01\/stethoscope-pen-pills-diary-eyeglasses-bandage-blue-background-1024x1024.jpg",1024,1024,true],"medium_large":["https:\/\/dokterwear.com\/wp-content\/uploads\/2025\/01\/stethoscope-pen-pills-diary-eyeglasses-bandage-blue-background-768x768.jpg",768,768,true],"large":["https:\/\/dokterwear.com\/wp-content\/uploads\/2025\/01\/stethoscope-pen-pills-diary-eyeglasses-bandage-blue-background-1024x1024.jpg",1024,1024,true],"1536x1536":["https:\/\/dokterwear.com\/wp-content\/uploads\/2025\/01\/stethoscope-pen-pills-diary-eyeglasses-bandage-blue-background-1536x1536.jpg",1536,1536,true],"2048x2048":["https:\/\/dokterwear.com\/wp-content\/uploads\/2025\/01\/stethoscope-pen-pills-diary-eyeglasses-bandage-blue-background-2048x2048.jpg",2048,2048,true],"trp-custom-language-flag":["https:\/\/dokterwear.com\/wp-content\/uploads\/2025\/01\/stethoscope-pen-pills-diary-eyeglasses-bandage-blue-background-12x12.jpg",12,12,true],"woocommerce_archive_thumbnail":["https:\/\/dokterwear.com\/wp-content\/uploads\/2025\/01\/stethoscope-pen-pills-diary-eyeglasses-bandage-blue-background-300x300.jpg",300,300,true],"woocommerce_thumbnail":["https:\/\/dokterwear.com\/wp-content\/uploads\/2025\/01\/stethoscope-pen-pills-diary-eyeglasses-bandage-blue-background-300x300.jpg",300,300,true],"woocommerce_single":["https:\/\/dokterwear.com\/wp-content\/uploads\/2025\/01\/stethoscope-pen-pills-diary-eyeglasses-bandage-blue-background-1200x1200.jpg",1200,1200,true],"woocommerce_gallery_thumbnail":["https:\/\/dokterwear.com\/wp-content\/uploads\/2025\/01\/stethoscope-pen-pills-diary-eyeglasses-bandage-blue-background-600x600.jpg",600,600,true]},"uagb_author_info":{"display_name":"dokterworkwear@gmail.com","author_link":"https:\/\/dokterwear.com\/es\/author\/dokterworkweargmail-com\/"},"uagb_comment_info":0,"uagb_excerpt":"Los Mejores Productos para Hacer de tus D\u00edas de Guardia M\u00e1s C\u00f3modos. Te presentamos una p\u00e1gina dedicada dedicada a productos especialmente seleccionados para el personal de salud. Aqu\u00ed encontrar\u00e1s una variedad de art\u00edculos que no solo cumplen con altos est\u00e1ndares de calidad, sino que tambi\u00e9n est\u00e1n dise\u00f1ados para facilitar el trabajo diario y mejorar la&hellip;","_links":{"self":[{"href":"https:\/\/dokterwear.com\/es\/wp-json\/wp\/v2\/pages\/3369"}],"collection":[{"href":"https:\/\/dokterwear.com\/es\/wp-json\/wp\/v2\/pages"}],"about":[{"href":"https:\/\/dokterwear.com\/es\/wp-json\/wp\/v2\/types\/page"}],"author":[{"embeddable":true,"href":"https:\/\/dokterwear.com\/es\/wp-json\/wp\/v2\/users\/1"}],"replies":[{"embeddable":true,"href":"https:\/\/dokterwear.com\/es\/wp-json\/wp\/v2\/comments?post=3369"}],"version-history":[{"count":8,"href":"https:\/\/dokterwear.com\/es\/wp-json\/wp\/v2\/pages\/3369\/revisions"}],"predecessor-version":[{"id":3387,"href":"https:\/\/dokterwear.com\/es\/wp-json\/wp\/v2\/pages\/3369\/revisions\/3387"}],"up":[{"embeddable":true,"href":"https:\/\/dokterwear.com\/es\/wp-json\/wp\/v2\/pages\/2528"}],"wp:featuredmedia":[{"embeddable":true,"href":"https:\/\/dokterwear.com\/es\/wp-json\/wp\/v2\/media\/3371"}],"wp:attachment":[{"href":"https:\/\/dokterwear.com\/es\/wp-json\/wp\/v2\/media?parent=3369"}],"curies":[{"name":"wp","href":"https:\/\/api.w.org\/{rel}","templated":true}]}}