{"id":3039,"date":"2024-12-01T23:35:01","date_gmt":"2024-12-01T22:35:01","guid":{"rendered":"https:\/\/dokterwear.com\/?page_id=3039"},"modified":"2024-12-21T14:58:54","modified_gmt":"2024-12-21T13:58:54","slug":"collection-men","status":"publish","type":"page","link":"https:\/\/dokterwear.com\/es\/collection-men\/","title":{"rendered":"Colecci\u00f3n Hombre"},"content":{"rendered":"<p><\/p><div class=\"wp-block-uagb-container uagb-block-4f446ca3 alignfull uagb-is-root-container\"><div class=\"uagb-container-inner-blocks-wrap\"><div class=\"wp-block-uagb-container uagb-block-f279980f\"><figure class=\"wp-block-image size-large\"><img loading=\"lazy\" decoding=\"async\" width=\"649\" height=\"1024\" src=\"http:\/\/dokterwear.com\/wp-content\/uploads\/2024\/08\/IMG_1558-black-649x1024.jpg\" alt=\"\" class=\"wp-image-2820\" srcset=\"https:\/\/dokterwear.com\/wp-content\/uploads\/2024\/08\/IMG_1558-black-649x1024.jpg 649w, https:\/\/dokterwear.com\/wp-content\/uploads\/2024\/08\/IMG_1558-black-768x1212.jpg 768w, https:\/\/dokterwear.com\/wp-content\/uploads\/2024\/08\/IMG_1558-black-600x947.jpg 600w, https:\/\/dokterwear.com\/wp-content\/uploads\/2024\/08\/IMG_1558-black-974x1536.jpg 974w, https:\/\/dokterwear.com\/wp-content\/uploads\/2024\/08\/IMG_1558-black-1298x2048.jpg 1298w, https:\/\/dokterwear.com\/wp-content\/uploads\/2024\/08\/IMG_1558-black-8x12.jpg 8w, https:\/\/dokterwear.com\/wp-content\/uploads\/2024\/08\/IMG_1558-black-190x300.jpg 190w, https:\/\/dokterwear.com\/wp-content\/uploads\/2024\/08\/IMG_1558-black-scaled.jpg 1623w\" sizes=\"(max-width: 649px) 100vw, 649px\" \/><\/figure><\/div>\n\n<div class=\"wp-block-uagb-container uagb-block-29fc95fb\"><figure class=\"wp-block-image size-large\"><img loading=\"lazy\" decoding=\"async\" width=\"683\" height=\"1024\" src=\"http:\/\/dokterwear.com\/wp-content\/uploads\/2024\/09\/IMG_1673-1-683x1024.jpg\" alt=\"\" class=\"wp-image-2835\" srcset=\"https:\/\/dokterwear.com\/wp-content\/uploads\/2024\/09\/IMG_1673-1-683x1024.jpg 683w, https:\/\/dokterwear.com\/wp-content\/uploads\/2024\/09\/IMG_1673-1-scaled-1200x1800.jpg 1200w, https:\/\/dokterwear.com\/wp-content\/uploads\/2024\/09\/IMG_1673-1-1365x2048.jpg 1365w, https:\/\/dokterwear.com\/wp-content\/uploads\/2024\/09\/IMG_1673-1-768x1152.jpg 768w, https:\/\/dokterwear.com\/wp-content\/uploads\/2024\/09\/IMG_1673-1-1024x1536.jpg 1024w, https:\/\/dokterwear.com\/wp-content\/uploads\/2024\/09\/IMG_1673-1-8x12.jpg 8w, https:\/\/dokterwear.com\/wp-content\/uploads\/2024\/09\/IMG_1673-1-200x300.jpg 200w, https:\/\/dokterwear.com\/wp-content\/uploads\/2024\/09\/IMG_1673-1-scaled.jpg 1707w\" sizes=\"(max-width: 683px) 100vw, 683px\" \/><\/figure><\/div>\n\n<div class=\"wp-block-uagb-container uagb-block-c3f34c79\"><figure class=\"wp-block-image size-large\"><img loading=\"lazy\" decoding=\"async\" width=\"702\" height=\"1024\" src=\"http:\/\/dokterwear.com\/wp-content\/uploads\/2024\/08\/IMG_1703-702x1024.jpg\" alt=\"\" class=\"wp-image-2825\" srcset=\"https:\/\/dokterwear.com\/wp-content\/uploads\/2024\/08\/IMG_1703-702x1024.jpg 702w, https:\/\/dokterwear.com\/wp-content\/uploads\/2024\/08\/IMG_1703-scaled-1200x1749.jpg 1200w, https:\/\/dokterwear.com\/wp-content\/uploads\/2024\/08\/IMG_1703-768x1120.jpg 768w, https:\/\/dokterwear.com\/wp-content\/uploads\/2024\/08\/IMG_1703-1054x1536.jpg 1054w, https:\/\/dokterwear.com\/wp-content\/uploads\/2024\/08\/IMG_1703-1405x2048.jpg 1405w, https:\/\/dokterwear.com\/wp-content\/uploads\/2024\/08\/IMG_1703-8x12.jpg 8w, https:\/\/dokterwear.com\/wp-content\/uploads\/2024\/08\/IMG_1703-206x300.jpg 206w, https:\/\/dokterwear.com\/wp-content\/uploads\/2024\/08\/IMG_1703-scaled.jpg 1756w\" sizes=\"(max-width: 702px) 100vw, 702px\" \/><\/figure><\/div><\/div><\/div><div class=\"wp-block-uagb-container uagb-block-487703af alignfull uagb-is-root-container\"><div class=\"uagb-container-inner-blocks-wrap\"><div class=\"wp-block-uagb-container uagb-block-2d52c229\"><div class=\"wp-block-columns is-layout-flex wp-container-core-columns-is-layout-1 wp-block-columns-is-layout-flex\"><div class=\"wp-block-column is-layout-flow wp-block-column-is-layout-flow\"><div class=\"wp-block-uagb-advanced-heading uagb-block-1defd175\"><h2 class=\"uagb-heading-text\">CLASSIC<\/h2><\/div><\/div>\n\n<div class=\"wp-block-column is-layout-flow wp-block-column-is-layout-flow\"><p class=\"has-inter-font-family\">La relaci\u00f3n entre los uniformes m\u00e9dicos y la elegancia va m\u00e1s all\u00e1 de lo est\u00e9tico; es una extensi\u00f3n del profesionalismo. Un uniforme bien dise\u00f1ado proyecta confianza y respeto, elementos esenciales en entornos de salud donde los pacientes buscan sentirse seguros. La elegancia en los uniformes no significa sacrificar funcionalidad; m\u00e1s bien, combina cortes ergon\u00f3micos, tejidos de calidad y dise\u00f1os modernos que permiten al profesional destacar sin perder comodidad ni practicidad. Al equilibrar estilo y profesionalismo, los uniformes elegantes se convierten en una herramienta que refuerza la autoridad y crea un ambiente de cuidado y atenci\u00f3n.<\/p><\/div><\/div><\/div><\/div><\/div><div class=\"wp-block-columns is-layout-flex wp-container-core-columns-is-layout-2 wp-block-columns-is-layout-flex\"><div class=\"wp-block-column is-layout-flow wp-block-column-is-layout-flow\"><figure class=\"wp-block-image size-large\"><img loading=\"lazy\" decoding=\"async\" width=\"795\" height=\"1024\" src=\"http:\/\/dokterwear.com\/wp-content\/uploads\/2024\/12\/IMG_1732-795x1024.jpg\" alt=\"\" class=\"wp-image-2988\" srcset=\"https:\/\/dokterwear.com\/wp-content\/uploads\/2024\/12\/IMG_1732-795x1024.jpg 795w, https:\/\/dokterwear.com\/wp-content\/uploads\/2024\/12\/IMG_1732-scaled-1200x1547.jpg 1200w, https:\/\/dokterwear.com\/wp-content\/uploads\/2024\/12\/IMG_1732-768x990.jpg 768w, https:\/\/dokterwear.com\/wp-content\/uploads\/2024\/12\/IMG_1732-1192x1536.jpg 1192w, https:\/\/dokterwear.com\/wp-content\/uploads\/2024\/12\/IMG_1732-1589x2048.jpg 1589w, https:\/\/dokterwear.com\/wp-content\/uploads\/2024\/12\/IMG_1732-9x12.jpg 9w, https:\/\/dokterwear.com\/wp-content\/uploads\/2024\/12\/IMG_1732-233x300.jpg 233w, https:\/\/dokterwear.com\/wp-content\/uploads\/2024\/12\/IMG_1732-scaled.jpg 1986w\" sizes=\"(max-width: 795px) 100vw, 795px\" \/><\/figure><\/div>\n\n<div class=\"wp-block-column is-layout-flow wp-block-column-is-layout-flow\"><div class=\"wp-block-uagb-advanced-heading uagb-block-9419a054\"><h2 class=\"uagb-heading-text\">Colecci\u00f3n Cl\u00e1sica<\/h2><\/div>\n\n<div class=\"woocommerce columns-3\"><ul class=\"products columns-3\" data-products=\"type-2\">\n<li class=\"product type-product post-2969 status-publish first instock product_cat-collections-men product_cat-men product_cat-scrub-sets-scrubs-men product_cat-scrubs-men has-post-thumbnail taxable shipping-taxable purchasable product-type-variable\">\n\t<a href=\"https:\/\/dokterwear.com\/es\/producto\/formal-scrub-harmony\/\" class=\"woocommerce-LoopProduct-link woocommerce-loop-product__link\"><img loading=\"lazy\" decoding=\"async\" width=\"300\" height=\"300\" src=\"https:\/\/dokterwear.com\/wp-content\/uploads\/2024\/12\/IMG_1703-scaled-300x300.jpg\" class=\"attachment-woocommerce_thumbnail size-woocommerce_thumbnail\" alt=\"\" srcset=\"https:\/\/dokterwear.com\/wp-content\/uploads\/2024\/12\/IMG_1703-300x300.jpg 300w, https:\/\/dokterwear.com\/wp-content\/uploads\/2024\/12\/IMG_1703-scaled-600x600.jpg 600w, https:\/\/dokterwear.com\/wp-content\/uploads\/2024\/12\/IMG_1703-1024x1024.jpg 1024w, https:\/\/dokterwear.com\/wp-content\/uploads\/2024\/12\/IMG_1703-150x150.jpg 150w\" sizes=\"(max-width: 300px) 100vw, 300px\" \/><h2 class=\"woocommerce-loop-product__title\">Formal Scrub: Harmony<\/h2>\n\t<span class=\"price\"><span class=\"woocommerce-Price-amount amount\"><bdi><span class=\"woocommerce-Price-currencySymbol\">&#36;<\/span>72,00<\/bdi><\/span> <small class=\"woocommerce-price-suffix\">IVA INC.<\/small><\/span>\n<\/a><a href=\"https:\/\/dokterwear.com\/es\/producto\/formal-scrub-harmony\/\" aria-describedby=\"woocommerce_loop_add_to_cart_link_describedby_2969\" data-quantity=\"1\" class=\"button product_type_variable add_to_cart_button cfvsw_ajax_add_to_cart\" data-product_id=\"2969\" data-product_sku=\"SSH-DGY\" aria-label=\"Elige las opciones para \u201cFormal Scrub: Harmony\u201d\" rel=\"nofollow\" data-add_to_cart_text=\"A\u00f1adir al carrito\" data-select_options_text=\"Seleccionar opciones\" data-no-translation=\"\" data-trp-gettext=\"\" data-no-translation-aria-label=\"\" data-no-translation-data-select_options_text=\"\">Seleccionar opciones<\/a>\t<span id=\"woocommerce_loop_add_to_cart_link_describedby_2969\" class=\"screen-reader-text\">\n\t\tEste producto tiene m\u00faltiples variantes. Las opciones se pueden elegir en la p\u00e1gina de producto\t<\/span>\n<\/li>\n<li class=\"product type-product post-2998 status-publish instock product_cat-collections-men product_cat-men product_cat-scrub-sets-scrubs-men product_cat-scrubs-men has-post-thumbnail taxable shipping-taxable purchasable product-type-variable\">\n\t<a href=\"https:\/\/dokterwear.com\/es\/producto\/classic-scrub-set-vigor\/\" class=\"woocommerce-LoopProduct-link woocommerce-loop-product__link\"><img loading=\"lazy\" decoding=\"async\" width=\"300\" height=\"300\" src=\"https:\/\/dokterwear.com\/wp-content\/uploads\/2024\/12\/IMG_1553-1-scaled-300x300.jpg\" class=\"attachment-woocommerce_thumbnail size-woocommerce_thumbnail\" alt=\"\" srcset=\"https:\/\/dokterwear.com\/wp-content\/uploads\/2024\/12\/IMG_1553-1-300x300.jpg 300w, https:\/\/dokterwear.com\/wp-content\/uploads\/2024\/12\/IMG_1553-1-scaled-600x600.jpg 600w, https:\/\/dokterwear.com\/wp-content\/uploads\/2024\/12\/IMG_1553-1-1024x1024.jpg 1024w, https:\/\/dokterwear.com\/wp-content\/uploads\/2024\/12\/IMG_1553-1-150x150.jpg 150w\" sizes=\"(max-width: 300px) 100vw, 300px\" \/><h2 class=\"woocommerce-loop-product__title\">Classic Scrub Set Vigor<\/h2>\n\t<span class=\"price\"><span class=\"woocommerce-Price-amount amount\"><bdi><span class=\"woocommerce-Price-currencySymbol\">&#36;<\/span>70,00<\/bdi><\/span> <small class=\"woocommerce-price-suffix\">IVA INC.<\/small><\/span>\n<\/a><a href=\"https:\/\/dokterwear.com\/es\/producto\/classic-scrub-set-vigor\/\" aria-describedby=\"woocommerce_loop_add_to_cart_link_describedby_2998\" data-quantity=\"1\" class=\"button product_type_variable add_to_cart_button cfvsw_ajax_add_to_cart\" data-product_id=\"2998\" data-product_sku=\"SSV\" aria-label=\"Elige las opciones para \u201cClassic Scrub Set Vigor\u201d\" rel=\"nofollow\" data-add_to_cart_text=\"A\u00f1adir al carrito\" data-select_options_text=\"Seleccionar opciones\" data-no-translation=\"\" data-trp-gettext=\"\" data-no-translation-aria-label=\"\" data-no-translation-data-select_options_text=\"\">Seleccionar opciones<\/a>\t<span id=\"woocommerce_loop_add_to_cart_link_describedby_2998\" class=\"screen-reader-text\">\n\t\tEste producto tiene m\u00faltiples variantes. Las opciones se pueden elegir en la p\u00e1gina de producto\t<\/span>\n<\/li>\n<li class=\"product type-product post-2479 status-publish last instock product_cat-collections-men product_cat-lab-coats product_cat-men has-post-thumbnail taxable shipping-taxable purchasable product-type-variable\">\n\t<a href=\"https:\/\/dokterwear.com\/es\/producto\/lab-coat-for-men-renewal\/\" class=\"woocommerce-LoopProduct-link woocommerce-loop-product__link\"><img loading=\"lazy\" decoding=\"async\" width=\"300\" height=\"300\" src=\"https:\/\/dokterwear.com\/wp-content\/uploads\/2024\/09\/image00003-scaled-300x300.jpeg\" class=\"attachment-woocommerce_thumbnail size-woocommerce_thumbnail\" alt=\"\" srcset=\"https:\/\/dokterwear.com\/wp-content\/uploads\/2024\/09\/image00003-300x300.jpeg 300w, https:\/\/dokterwear.com\/wp-content\/uploads\/2024\/09\/image00003-scaled-600x600.jpeg 600w, https:\/\/dokterwear.com\/wp-content\/uploads\/2024\/09\/image00003-1024x1024.jpeg 1024w, https:\/\/dokterwear.com\/wp-content\/uploads\/2024\/09\/image00003-150x150.jpeg 150w\" sizes=\"(max-width: 300px) 100vw, 300px\" \/><h2 class=\"woocommerce-loop-product__title\">Classic Premium Lab Coat: Renewal<\/h2>\n\t<span class=\"price\"><span class=\"woocommerce-Price-amount amount\"><bdi><span class=\"woocommerce-Price-currencySymbol\">&#36;<\/span>55,00<\/bdi><\/span> <small class=\"woocommerce-price-suffix\">IVA INC.<\/small><\/span>\n<\/a><a href=\"https:\/\/dokterwear.com\/es\/producto\/lab-coat-for-men-renewal\/\" aria-describedby=\"woocommerce_loop_add_to_cart_link_describedby_2479\" data-quantity=\"1\" class=\"button product_type_variable add_to_cart_button cfvsw_ajax_add_to_cart\" data-product_id=\"2479\" data-product_sku=\"LBCM01\" aria-label=\"Elige las opciones para \u201cClassic Premium Lab Coat: Renewal\u201d\" rel=\"nofollow\" data-add_to_cart_text=\"A\u00f1adir al carrito\" data-select_options_text=\"Seleccionar opciones\" data-no-translation=\"\" data-trp-gettext=\"\" data-no-translation-aria-label=\"\" data-no-translation-data-select_options_text=\"\">Seleccionar opciones<\/a>\t<span id=\"woocommerce_loop_add_to_cart_link_describedby_2479\" class=\"screen-reader-text\">\n\t\tEste producto tiene m\u00faltiples variantes. Las opciones se pueden elegir en la p\u00e1gina de producto\t<\/span>\n<\/li>\n<li class=\"product type-product post-2054 status-publish first instock product_cat-collections-men product_cat-men product_cat-scrub-pants-scrubs-men product_cat-scrubs-men has-post-thumbnail taxable shipping-taxable purchasable product-type-variable\">\n\t<a href=\"https:\/\/dokterwear.com\/es\/producto\/pant-1\/\" class=\"woocommerce-LoopProduct-link woocommerce-loop-product__link\"><img loading=\"lazy\" decoding=\"async\" width=\"300\" height=\"300\" src=\"https:\/\/dokterwear.com\/wp-content\/uploads\/2024\/08\/IMG_1556-300x300.jpg\" class=\"attachment-woocommerce_thumbnail size-woocommerce_thumbnail\" alt=\"\" srcset=\"https:\/\/dokterwear.com\/wp-content\/uploads\/2024\/08\/IMG_1556-300x300.jpg 300w, https:\/\/dokterwear.com\/wp-content\/uploads\/2024\/08\/IMG_1556-1024x1024.jpg 1024w, https:\/\/dokterwear.com\/wp-content\/uploads\/2024\/08\/IMG_1556-100x100.jpg 100w, https:\/\/dokterwear.com\/wp-content\/uploads\/2024\/08\/IMG_1556-150x150.jpg 150w\" sizes=\"(max-width: 300px) 100vw, 300px\" \/><h2 class=\"woocommerce-loop-product__title\">Formal, Straight Pant Scrub: Vigor<\/h2>\n\t<span class=\"price\"><span class=\"woocommerce-Price-amount amount\"><bdi><span class=\"woocommerce-Price-currencySymbol\">&#36;<\/span>42,00<\/bdi><\/span> <small class=\"woocommerce-price-suffix\">IVA INC.<\/small><\/span>\n<\/a><a href=\"https:\/\/dokterwear.com\/es\/producto\/pant-1\/\" aria-describedby=\"woocommerce_loop_add_to_cart_link_describedby_2054\" data-quantity=\"1\" class=\"button product_type_variable add_to_cart_button cfvsw_ajax_add_to_cart\" data-product_id=\"2054\" data-product_sku=\"PBM01\" aria-label=\"Elige las opciones para \u201cFormal, Straight Pant Scrub: Vigor\u201d\" rel=\"nofollow\" data-add_to_cart_text=\"A\u00f1adir al carrito\" data-select_options_text=\"Seleccionar opciones\" data-no-translation=\"\" data-trp-gettext=\"\" data-no-translation-aria-label=\"\" data-no-translation-data-select_options_text=\"\">Seleccionar opciones<\/a>\t<span id=\"woocommerce_loop_add_to_cart_link_describedby_2054\" class=\"screen-reader-text\">\n\t\tEste producto tiene m\u00faltiples variantes. Las opciones se pueden elegir en la p\u00e1gina de producto\t<\/span>\n<\/li>\n<li class=\"product type-product post-2040 status-publish instock product_cat-collections-men product_cat-men product_cat-scrub-top-men product_cat-scrubs-men has-post-thumbnail taxable shipping-taxable purchasable product-type-variable\">\n\t<a href=\"https:\/\/dokterwear.com\/es\/producto\/top-hombre-2\/\" class=\"woocommerce-LoopProduct-link woocommerce-loop-product__link\"><img loading=\"lazy\" decoding=\"async\" width=\"300\" height=\"300\" src=\"https:\/\/dokterwear.com\/wp-content\/uploads\/2024\/08\/IMG_1702-scaled-300x300.jpg\" class=\"attachment-woocommerce_thumbnail size-woocommerce_thumbnail\" alt=\"\" srcset=\"https:\/\/dokterwear.com\/wp-content\/uploads\/2024\/08\/IMG_1702-300x300.jpg 300w, https:\/\/dokterwear.com\/wp-content\/uploads\/2024\/08\/IMG_1702-scaled-600x600.jpg 600w, https:\/\/dokterwear.com\/wp-content\/uploads\/2024\/08\/IMG_1702-1024x1024.jpg 1024w, https:\/\/dokterwear.com\/wp-content\/uploads\/2024\/08\/IMG_1702-150x150.jpg 150w\" sizes=\"(max-width: 300px) 100vw, 300px\" \/><h2 class=\"woocommerce-loop-product__title\">Formal Polo Neck Top: Harmony<\/h2>\n\t<span class=\"price\"><span class=\"woocommerce-Price-amount amount\"><bdi><span class=\"woocommerce-Price-currencySymbol\">&#36;<\/span>34,00<\/bdi><\/span> <small class=\"woocommerce-price-suffix\">IVA INC.<\/small><\/span>\n<\/a><a href=\"https:\/\/dokterwear.com\/es\/producto\/top-hombre-2\/\" aria-describedby=\"woocommerce_loop_add_to_cart_link_describedby_2040\" data-quantity=\"1\" class=\"button product_type_variable add_to_cart_button cfvsw_ajax_add_to_cart\" data-product_id=\"2040\" data-product_sku=\"TVM01\" aria-label=\"Elige las opciones para \u201cFormal Polo Neck Top: Harmony\u201d\" rel=\"nofollow\" data-add_to_cart_text=\"A\u00f1adir al carrito\" data-select_options_text=\"Seleccionar opciones\" data-no-translation=\"\" data-trp-gettext=\"\" data-no-translation-aria-label=\"\" data-no-translation-data-select_options_text=\"\">Seleccionar opciones<\/a>\t<span id=\"woocommerce_loop_add_to_cart_link_describedby_2040\" class=\"screen-reader-text\">\n\t\tEste producto tiene m\u00faltiples variantes. Las opciones se pueden elegir en la p\u00e1gina de producto\t<\/span>\n<\/li>\n<li class=\"product type-product post-2035 status-publish last instock product_cat-collections-men product_cat-men product_cat-scrub-top-men product_cat-scrubs-men has-post-thumbnail taxable shipping-taxable purchasable product-type-variable\">\n\t<a href=\"https:\/\/dokterwear.com\/es\/producto\/top-hombre-a-premium-mens-care-product\/\" class=\"woocommerce-LoopProduct-link woocommerce-loop-product__link\"><img loading=\"lazy\" decoding=\"async\" width=\"300\" height=\"300\" src=\"https:\/\/dokterwear.com\/wp-content\/uploads\/2024\/08\/IMG_1554-300x300.jpg\" class=\"attachment-woocommerce_thumbnail size-woocommerce_thumbnail\" alt=\"\" srcset=\"https:\/\/dokterwear.com\/wp-content\/uploads\/2024\/08\/IMG_1554-300x300.jpg 300w, https:\/\/dokterwear.com\/wp-content\/uploads\/2024\/08\/IMG_1554-1024x1024.jpg 1024w, https:\/\/dokterwear.com\/wp-content\/uploads\/2024\/08\/IMG_1554-100x100.jpg 100w, https:\/\/dokterwear.com\/wp-content\/uploads\/2024\/08\/IMG_1554-150x150.jpg 150w\" sizes=\"(max-width: 300px) 100vw, 300px\" \/><h2 class=\"woocommerce-loop-product__title\">Top Scrub V-Neck Classic: Vigor<\/h2>\n\t<span class=\"price\"><span class=\"woocommerce-Price-amount amount\"><bdi><span class=\"woocommerce-Price-currencySymbol\">&#36;<\/span>32,00<\/bdi><\/span> <small class=\"woocommerce-price-suffix\">IVA INC.<\/small><\/span>\n<\/a><a href=\"https:\/\/dokterwear.com\/es\/producto\/top-hombre-a-premium-mens-care-product\/\" aria-describedby=\"woocommerce_loop_add_to_cart_link_describedby_2035\" data-quantity=\"1\" class=\"button product_type_variable add_to_cart_button cfvsw_ajax_add_to_cart\" data-product_id=\"2035\" data-product_sku=\"TFM01\" aria-label=\"Elige las opciones para \u201cTop Scrub V-Neck Classic: Vigor\u201d\" rel=\"nofollow\" data-add_to_cart_text=\"A\u00f1adir al carrito\" data-select_options_text=\"Seleccionar opciones\" data-no-translation=\"\" data-trp-gettext=\"\" data-no-translation-aria-label=\"\" data-no-translation-data-select_options_text=\"\">Seleccionar opciones<\/a>\t<span id=\"woocommerce_loop_add_to_cart_link_describedby_2035\" class=\"screen-reader-text\">\n\t\tEste producto tiene m\u00faltiples variantes. Las opciones se pueden elegir en la p\u00e1gina de producto\t<\/span>\n<\/li>\n<li class=\"product type-product post-3206 status-publish first instock product_cat-collections-men product_cat-collection-women product_cat-lab-coat product_cat-lab-coats product_cat-men product_cat-scrub-pants product_cat-scrub-pants-scrubs-men product_cat-scrub-sets-scrubs-men product_cat-scrub-sets product_cat-scrub-top-men product_cat-scrub-tops product_cat-scrubs product_cat-scrubs-men product_cat-women has-post-thumbnail taxable shipping-taxable purchasable product-type-variable has-default-attributes\">\n\t<a href=\"https:\/\/dokterwear.com\/es\/producto\/embroidery\/\" class=\"woocommerce-LoopProduct-link woocommerce-loop-product__link\"><img loading=\"lazy\" decoding=\"async\" width=\"300\" height=\"300\" src=\"https:\/\/dokterwear.com\/wp-content\/uploads\/2024\/12\/EMBROIDER-POCKET-TOP-RADIANT-300x300.jpeg\" class=\"attachment-woocommerce_thumbnail size-woocommerce_thumbnail\" alt=\"\" srcset=\"https:\/\/dokterwear.com\/wp-content\/uploads\/2024\/12\/EMBROIDER-POCKET-TOP-RADIANT-300x300.jpeg 300w, https:\/\/dokterwear.com\/wp-content\/uploads\/2024\/12\/EMBROIDER-POCKET-TOP-RADIANT-600x600.jpeg 600w\" sizes=\"(max-width: 300px) 100vw, 300px\" \/><h2 class=\"woocommerce-loop-product__title\">Embroidery<\/h2>\n\t<span class=\"price\"><span class=\"woocommerce-Price-amount amount\"><bdi><span class=\"woocommerce-Price-currencySymbol\">&#36;<\/span>2,50<\/bdi><\/span> &ndash; <span class=\"woocommerce-Price-amount amount\"><bdi><span class=\"woocommerce-Price-currencySymbol\">&#36;<\/span>12,00<\/bdi><\/span> <small class=\"woocommerce-price-suffix\">IVA INC.<\/small><\/span>\n<\/a><a href=\"https:\/\/dokterwear.com\/es\/producto\/embroidery\/\" aria-describedby=\"woocommerce_loop_add_to_cart_link_describedby_3206\" data-quantity=\"1\" class=\"button product_type_variable add_to_cart_button cfvsw_ajax_add_to_cart\" data-product_id=\"3206\" data-product_sku=\"EMB01\" aria-label=\"Elige las opciones para \u201cEmbroidery\u201d\" rel=\"nofollow\" data-add_to_cart_text=\"A\u00f1adir al carrito\" data-select_options_text=\"Seleccionar opciones\" data-no-translation=\"\" data-trp-gettext=\"\" data-no-translation-aria-label=\"\" data-no-translation-data-select_options_text=\"\">Seleccionar opciones<\/a>\t<span id=\"woocommerce_loop_add_to_cart_link_describedby_3206\" class=\"screen-reader-text\">\n\t\tEste producto tiene m\u00faltiples variantes. Las opciones se pueden elegir en la p\u00e1gina de producto\t<\/span>\n<\/li>\n<\/ul>\n<\/div><\/div><\/div><p><\/p>","protected":false},"excerpt":{"rendered":"<p>CLASSIC The relationship between medical uniforms and elegance goes beyond aesthetics; it reflects professionalism. A well-designed uniform projects confidence and respect, essential elements in healthcare environments where patients seek reassurance. Elegance in uniforms doesn\u2019t mean compromising functionality; instead, it merges ergonomic cuts, high-quality fabrics, and modern designs that allow professionals to stand out without sacrificing [&hellip;]<\/p>","protected":false},"author":1,"featured_media":0,"parent":0,"menu_order":0,"comment_status":"closed","ping_status":"closed","template":"","meta":{"_uag_custom_page_level_css":"","footnotes":""},"class_list":["post-3039","page","type-page","status-publish","hentry"],"blocksy_meta":[],"uagb_featured_image_src":{"full":false,"thumbnail":false,"medium":false,"medium_large":false,"large":false,"1536x1536":false,"2048x2048":false,"trp-custom-language-flag":false,"woocommerce_archive_thumbnail":false,"woocommerce_thumbnail":false,"woocommerce_single":false,"woocommerce_gallery_thumbnail":false},"uagb_author_info":{"display_name":"dokterworkwear@gmail.com","author_link":"https:\/\/dokterwear.com\/es\/author\/dokterworkweargmail-com\/"},"uagb_comment_info":0,"uagb_excerpt":"CLASSIC The relationship between medical uniforms and elegance goes beyond aesthetics; it reflects professionalism. A well-designed uniform projects confidence and respect, essential elements in healthcare environments where patients seek reassurance. Elegance in uniforms doesn\u2019t mean compromising functionality; instead, it merges ergonomic cuts, high-quality fabrics, and modern designs that allow professionals to stand out without sacrificing&hellip;","_links":{"self":[{"href":"https:\/\/dokterwear.com\/es\/wp-json\/wp\/v2\/pages\/3039"}],"collection":[{"href":"https:\/\/dokterwear.com\/es\/wp-json\/wp\/v2\/pages"}],"about":[{"href":"https:\/\/dokterwear.com\/es\/wp-json\/wp\/v2\/types\/page"}],"author":[{"embeddable":true,"href":"https:\/\/dokterwear.com\/es\/wp-json\/wp\/v2\/users\/1"}],"replies":[{"embeddable":true,"href":"https:\/\/dokterwear.com\/es\/wp-json\/wp\/v2\/comments?post=3039"}],"version-history":[{"count":13,"href":"https:\/\/dokterwear.com\/es\/wp-json\/wp\/v2\/pages\/3039\/revisions"}],"predecessor-version":[{"id":3322,"href":"https:\/\/dokterwear.com\/es\/wp-json\/wp\/v2\/pages\/3039\/revisions\/3322"}],"wp:attachment":[{"href":"https:\/\/dokterwear.com\/es\/wp-json\/wp\/v2\/media?parent=3039"}],"curies":[{"name":"wp","href":"https:\/\/api.w.org\/{rel}","templated":true}]}}