{"id":2653,"date":"2024-09-10T18:06:14","date_gmt":"2024-09-10T16:06:14","guid":{"rendered":"https:\/\/dokterwear.com\/registro\/"},"modified":"2024-09-13T16:28:40","modified_gmt":"2024-09-13T14:28:40","slug":"registro","status":"publish","type":"page","link":"https:\/\/dokterwear.com\/es\/registro\/","title":{"rendered":"Registro"},"content":{"rendered":"<div class='user-registration ur-frontend-form  ur-frontend-form--flat' id='user-registration-form-2652'>\n\t\t\t\t\t\t\t\t<form method='post' class='register' data-form-id=\"2652\"\n\t\t\t\tdata-enable-strength-password=\"\" data-minimum-password-strength=\"3\"\n\t\t\t\t\t\t\t\t\t\t\t\t\t\t\t data-captcha-enabled=\"\" action=\"\">\n\n\t\t\t\t<div class=\"ur-form-row\" data-row-id=\"0\">\t\t\t\t\t\t\t<div class=\"ur-form-grid ur-grid-1\"\n\t\t\t\t\t\t\t\tstyle=\"width:48%\">\n\t\t\t\t\t\t\t\t\t\t\t\t\t\t\t\t<div  data-field-id=\"user_login\" class=\"ur-field-item field-user_login\" data-ref-id=\"user_login\" data-field-pattern-enabled=\"0\" data-field-pattern-value=\" \" data-field-pattern-message=\" \">\n\t\t\t\t\t\t\t\t\t\t<div class=\"form-row validate-required\" id=\"user_login_field\" data-priority=\"\" ><label for=\"user_login\" class=\"ur-label\">Username <abbr class=\"required\" title=\"obligatorio\">*<\/abbr><\/label> <span class=\"input-wrapper\"> <input  data-rules=\"\" data-id=\"user_login\" type=\"text\" class=\"input-text   input-text ur-frontend-field\" name=\"user_login\" id=\"user_login\" placeholder=\"Username\"  value=\"\" required=\"required\" data-label=\"Username\" data-username-character=\"1\"\/> <\/span> <\/div>\t\t\t\t\t\t\t\t\t<\/div>\n\t\t\t\t\t\t\t\t\t\t\t\t\t\t\t\t<\/div>\n\t\t\t\t\t\t\t\t\t\t\t\t\t\t<div class=\"ur-form-grid ur-grid-2\"\n\t\t\t\t\t\t\t\tstyle=\"width:48%\">\n\t\t\t\t\t\t\t\t\t\t\t\t\t\t\t\t<div  data-field-id=\"user_email\" class=\"ur-field-item field-user_email\" data-ref-id=\"user_email\" data-field-pattern-enabled=\"0\" data-field-pattern-value=\" \" data-field-pattern-message=\" \">\n\t\t\t\t\t\t\t\t\t\t<div class=\"form-row validate-required\" id=\"user_email_field\" data-priority=\"\" ><label for=\"user_email\" class=\"ur-label\">Email <abbr class=\"required\" title=\"obligatorio\">*<\/abbr><\/label> <span class=\"input-wrapper\"> <input  data-rules=\"\" data-id=\"user_email\" type=\"email\" class=\"input-text   input-email ur-frontend-field\" name=\"user_email\" id=\"user_email\" placeholder=\"Email\"  value=\"\" required=\"required\" data-label=\"Email\" \/> <\/span> <\/div>\t\t\t\t\t\t\t\t\t<\/div>\n\t\t\t\t\t\t\t\t\t\t\t\t\t\t\t\t<\/div>\n\t\t\t\t\t\t\t\t\t\t\t\t\t<\/div>\n\t\t\t\t\t\t<div class=\"ur-form-row\" data-row-id=\"1\">\t\t\t\t\t\t\t<div class=\"ur-form-grid ur-grid-1\"\n\t\t\t\t\t\t\t\tstyle=\"width:48%\">\n\t\t\t\t\t\t\t\t\t\t\t\t\t\t\t\t<div  data-field-id=\"user_pass\" class=\"ur-field-item field-user_pass\" data-ref-id=\"user_pass\" data-field-pattern-enabled=\"0\" data-field-pattern-value=\" \" data-field-pattern-message=\" \">\n\t\t\t\t\t\t\t\t\t\t<div class=\"form-row validate-required hide_show_password\" id=\"user_pass_field\" data-priority=\"\"><label for=\"user_pass\" class=\"ur-label\">User Password <abbr class=\"required\" title=\"obligatorio\">*<\/abbr><\/label> <span class=\"input-wrapper\"> <span class=\"password-input-group input-form-field-icons\"><input data-rules=\"\" data-id=\"user_pass\" type=\"password\" class=\"input-text  input-password ur-frontend-field\" name=\"user_pass\" id=\"user_pass\" placeholder=\"Userpassword\"  value=\"\" required=\"required\" data-label=\"User Password\" \/><a href=\"javaScript:void(0)\" class=\"password_preview dashicons dashicons-hidden\" title=\" Show password \"><\/a><\/span> <\/span> <\/div>\t\t\t\t\t\t\t\t\t<\/div>\n\t\t\t\t\t\t\t\t\t\t\t\t\t\t\t\t<\/div>\n\t\t\t\t\t\t\t\t\t\t\t\t\t\t<div class=\"ur-form-grid ur-grid-2\"\n\t\t\t\t\t\t\t\tstyle=\"width:48%\">\n\t\t\t\t\t\t\t\t\t\t\t\t\t\t\t\t<div  data-field-id=\"user_confirm_password\" class=\"ur-field-item field-user_confirm_password\" data-ref-id=\"user_confirm_password\" data-field-pattern-enabled=\"0\" data-field-pattern-value=\" \" data-field-pattern-message=\" \">\n\t\t\t\t\t\t\t\t\t\t<div class=\"form-row validate-required hide_show_password\" id=\"user_confirm_password_field\" data-priority=\"\"><label for=\"user_confirm_password\" class=\"ur-label\">Confirm Password <abbr class=\"required\" title=\"obligatorio\">*<\/abbr><\/label> <span class=\"input-wrapper\"> <span class=\"password-input-group input-form-field-icons\"><input data-rules=\"\" data-id=\"user_confirm_password\" type=\"password\" class=\"input-text  input-password ur-frontend-field\" name=\"user_confirm_password\" id=\"user_confirm_password\" placeholder=\"Confirmpassword\"  value=\"\" required=\"required\" data-label=\"Confirm Password\" \/><a href=\"javaScript:void(0)\" class=\"password_preview dashicons dashicons-hidden\" title=\" Show password \"><\/a><\/span> <\/span> <\/div>\t\t\t\t\t\t\t\t\t<\/div>\n\t\t\t\t\t\t\t\t\t\t\t\t\t\t\t\t<\/div>\n\t\t\t\t\t\t\t\t\t\t\t\t\t<\/div>\n\t\t\t\t\t\t<div class=\"ur-form-row\" data-row-id=\"5\">\t\t\t\t\t\t\t<div class=\"ur-form-grid ur-grid-1\"\n\t\t\t\t\t\t\t\tstyle=\"width:48%\">\n\t\t\t\t\t\t\t\t\t\t\t\t\t\t\t\t<div  data-field-id=\"first_name\" class=\"ur-field-item field-first_name\" data-ref-id=\"first_name\" data-field-pattern-enabled=\"0\" data-field-pattern-value=\" \" data-field-pattern-message=\" \">\n\t\t\t\t\t\t\t\t\t\t<div class=\"form-row validate-required\" id=\"first_name_field\" data-priority=\"\" ><label for=\"first_name\" class=\"ur-label\">First and Last name <abbr class=\"required\" title=\"obligatorio\">*<\/abbr><\/label> <span class=\"input-wrapper\"> <input  data-rules=\"\" data-id=\"first_name\" type=\"text\" class=\"input-text   input-text ur-frontend-field\" name=\"first_name\" id=\"first_name\" placeholder=\"Richard Rios\"  value=\"\" required=\"required\" data-label=\"First and Last name\" \/> <\/span> <\/div>\t\t\t\t\t\t\t\t\t<\/div>\n\t\t\t\t\t\t\t\t\t\t\t\t\t\t\t\t<\/div>\n\t\t\t\t\t\t\t\t\t\t\t\t\t\t<div class=\"ur-form-grid ur-grid-2\"\n\t\t\t\t\t\t\t\tstyle=\"width:48%\">\n\t\t\t\t\t\t\t\t\t\t\t\t\t\t\t\t<div  data-field-id=\"date_box_1725986107\" class=\"ur-field-item field-date\" data-ref-id=\"date_box_1725986107\" data-field-pattern-enabled=\"0\" data-field-pattern-value=\" \" data-field-pattern-message=\" \">\n\t\t\t\t\t\t\t\t\t\t<div class=\"form-row validate-required\" id=\"date_box_1725986107_field\" data-priority=\"\" ><label for=\"date_box_1725986107\" class=\"ur-label\">Birthday date <abbr class=\"required\" title=\"obligatorio\">*<\/abbr><\/label> <span class=\"input-wrapper\"> <input data-rules=\"\" data-id=\"date_box_1725986107\" type=\"text\" value=\"\" class=\"ur-flatpickr-field regular-text\" readonly placeholder=\"01-01-1991\" required=\"required\" data-date-format=\"Y-m-d\" data-locale=\"en\" data-label=\"Birthday date\" \/><input type=\"hidden\" id=\"formated_date\" value=\"\"\/><input data-rules=\"\" data-id=\"date_box_1725986107\" type=\"text\" data-field-type=\"date\" value=\"\" class=\"input-text input-date ur-frontend-field\" name=\"date_box_1725986107\" id=\"date_box_1725986107\" placeholder=\"01-01-1991\"  required=\"required\" data-date-format=\"Y-m-d\" data-locale=\"en\" data-label=\"Birthday date\" style=\"display:none\"\/><\/span> <\/div>\t\t\t\t\t\t\t\t\t<\/div>\n\t\t\t\t\t\t\t\t\t\t\t\t\t\t\t\t<\/div>\n\t\t\t\t\t\t\t\t\t\t\t\t\t<\/div>\n\t\t\t\t\t\t<div class=\"ur-form-row\" data-row-id=\"4\">\t\t\t\t\t\t\t<div class=\"ur-form-grid ur-grid-1\"\n\t\t\t\t\t\t\t\tstyle=\"width:48%\">\n\t\t\t\t\t\t\t\t\t\t\t\t\t\t\t\t<div  data-field-id=\"select_1725985402\" class=\"ur-field-item field-select\" data-ref-id=\"select_1725985402\" data-field-pattern-enabled=\"0\" data-field-pattern-value=\" \" data-field-pattern-message=\" \">\n\t\t\t\t\t\t\t\t\t\t<div class=\"form-row validate-required\" id=\"select_1725985402_field\" data-priority=\"\" ><label for=\"select_1725985402\" class=\"ur-label\">Current occupation? <abbr class=\"required\" title=\"obligatorio\">*<\/abbr><\/label><select data-rules=\"\" data-id=\"select_1725985402\" name=\"select_1725985402\" id=\"select_1725985402\" class=\"select ur-frontend-field\" required=\"required\" data-label=\"Current occupation?\" data-default=\"Another profession\" data-allow_clear=\"true\" data-placeholder=\"\">\n\t\t\t\t\t\t\t<option value=\"Health professional\" >Health professional<\/option><option value=\"Student\" >Student<\/option><option value=\"Another profession\"  selected='selected'>Another profession<\/option>\n\t\t\t\t\t\t<\/select><\/div>\t\t\t\t\t\t\t\t\t<\/div>\n\t\t\t\t\t\t\t\t\t\t\t\t\t\t\t\t<\/div>\n\t\t\t\t\t\t\t\t\t\t\t\t\t\t<div class=\"ur-form-grid ur-grid-2\"\n\t\t\t\t\t\t\t\tstyle=\"width:48%\">\n\t\t\t\t\t\t\t\t\t\t\t\t\t\t\t\t<div  data-field-id=\"input_box_1725985892\" class=\"ur-field-item field-text\" data-ref-id=\"input_box_1725985892\" data-field-pattern-enabled=\"0\" data-field-pattern-value=\" \" data-field-pattern-message=\" \">\n\t\t\t\t\t\t\t\t\t\t<div class=\"form-row validate-required\" id=\"input_box_1725985892_field\" data-priority=\"\" ><label for=\"input_box_1725985892\" class=\"ur-label\">Phone Number <abbr class=\"required\" title=\"obligatorio\">*<\/abbr><\/label> <span class=\"input-wrapper\"> <input  data-rules=\"\" data-id=\"input_box_1725985892\" type=\"text\" class=\"input-text   input-text ur-frontend-field\" name=\"input_box_1725985892\" id=\"input_box_1725985892\" placeholder=\"+593 998 877 665\"  value=\"\" required=\"required\" data-label=\"Phone Number\" \/> <\/span> <\/div>\t\t\t\t\t\t\t\t\t<\/div>\n\t\t\t\t\t\t\t\t\t\t\t\t\t\t\t\t<\/div>\n\t\t\t\t\t\t\t\t\t\t\t\t\t<\/div>\n\t\t\t\t\t\t<div class=\"ur-form-row\" data-row-id=\"6\">\t\t\t\t\t\t\t<div class=\"ur-form-grid ur-grid-1\"\n\t\t\t\t\t\t\t\tstyle=\"width:48%\">\n\t\t\t\t\t\t\t\t\t\t\t\t\t\t\t\t<div  data-field-id=\"country_1725986672\" class=\"ur-field-item field-country\" data-ref-id=\"country_1725986672\" data-field-pattern-enabled=\"0\" data-field-pattern-value=\" \" data-field-pattern-message=\" \">\n\t\t\t\t\t\t\t\t\t\t<div class=\"form-row\" id=\"country_1725986672_field\" data-priority=\"\" ><label for=\"country_1725986672\" class=\"ur-label\">Country<\/label><select data-rules=\"\" data-id=\"country_1725986672\" name=\"country_1725986672\" id=\"country_1725986672\" class=\"select ur-frontend-field\" data-label=\"Country\" data-allow_clear=\"true\" data-placeholder=\"Select a country\">\n\t\t\t\t\t\t\t<option value=\"\" selected disabled>Select a country<\/option><option value=\"AF\" >Afganist\u00e1n<\/option><option value=\"AX\" >&#197;land Islands<\/option><option value=\"AL\" >Albania<\/option><option value=\"DZ\" >Algeria<\/option><option value=\"AS\" >Samoa Americana<\/option><option value=\"AD\" >Andorra<\/option><option value=\"AO\" >Angola<\/option><option value=\"AI\" >Anguilla<\/option><option value=\"AQ\" >Ant\u00e1rtida<\/option><option value=\"AG\" >Antigua y Barbuda<\/option><option value=\"AR\" >Argentina<\/option><option value=\"AM\" >Armenia<\/option><option value=\"AW\" >Aruba<\/option><option value=\"AU\" >Australia<\/option><option value=\"AT\" >Austria<\/option><option value=\"AZ\" >Azerbaiy\u00e1n<\/option><option value=\"BS\" >Bahamas<\/option><option value=\"BH\" >Bar\u00e9in<\/option><option value=\"BD\" >Banglad\u00e9s<\/option><option value=\"BB\" >Barbados<\/option><option value=\"BY\" >Bielorrusia<\/option><option value=\"BE\" >B\u00e9lgica<\/option><option value=\"PW\" >Belau<\/option><option value=\"BZ\" >Belice<\/option><option value=\"BJ\" >Ben\u00edn<\/option><option value=\"BM\" >Bermuda<\/option><option value=\"BT\" >But\u00e1n<\/option><option value=\"BO\" >Bolivia<\/option><option value=\"BQ\" >Bonaire, San Eustaquio y Saba<\/option><option value=\"BA\" >Bosnia y Herzegovina<\/option><option value=\"BW\" >Botsuana<\/option><option value=\"BV\" >Isla Bouvet<\/option><option value=\"BR\" >Brasil<\/option><option value=\"IO\" >Territorio Brit\u00e1nico del Oc\u00e9ano \u00cdndico<\/option><option value=\"VG\" >Inslas V\u00edrgenes Brit\u00e1nicas<\/option><option value=\"BN\" >Brun\u00e9i<\/option><option value=\"BG\" >Bulgaria<\/option><option value=\"BF\" >Burkina Faso<\/option><option value=\"BI\" >Burundi<\/option><option value=\"KH\" >Camboya<\/option><option value=\"CM\" >Camer\u00fan<\/option><option value=\"CA\" >Canad\u00e1<\/option><option value=\"CV\" >Cabo Verde<\/option><option value=\"KY\" >Islas Caim\u00e1n<\/option><option value=\"CF\" >Rep\u00fablica Centroafricana<\/option><option value=\"TD\" >Chad<\/option><option value=\"CL\" >Chile<\/option><option value=\"CN\" >China<\/option><option value=\"CX\" >Isla de Navidad<\/option><option value=\"CC\" >Islas Cocos (Keeling)<\/option><option value=\"CO\" >Colombia<\/option><option value=\"KM\" >Comoras<\/option><option value=\"CG\" >Congo (Brazzaville)<\/option><option value=\"CD\" >Congo (Kinshasa)<\/option><option value=\"CK\" >Islas Cook<\/option><option value=\"CR\" >Costa Rica<\/option><option value=\"HR\" >Croacia<\/option><option value=\"CU\" >Cuba<\/option><option value=\"CW\" >Curazao<\/option><option value=\"CY\" >Chipre<\/option><option value=\"CZ\" >Rep\u00fablica Checa<\/option><option value=\"DK\" >Dinamarca<\/option><option value=\"DJ\" >Yibuti<\/option><option value=\"DM\" >Dominica<\/option><option value=\"DO\" >Rep\u00fablica Dominicana<\/option><option value=\"EC\" >Ecuador<\/option><option value=\"EG\" >Egipto<\/option><option value=\"SV\" >El Salvador<\/option><option value=\"GQ\" >Guinea Ecuatorial<\/option><option value=\"ER\" >Eritrea<\/option><option value=\"EE\" >Estonia<\/option><option value=\"ET\" >Etiop\u00eda<\/option><option value=\"FK\" >Islas Falkland<\/option><option value=\"FO\" >Islas Feroe<\/option><option value=\"FJ\" >Fiyi<\/option><option value=\"FI\" >Finlandia<\/option><option value=\"FR\" >Francia<\/option><option value=\"GF\" >Guayana Francesa<\/option><option value=\"PF\" >Polinesia Francesa<\/option><option value=\"TF\" >Territorios del Sur de Francia<\/option><option value=\"GA\" >Gab\u00f3n<\/option><option value=\"GM\" >Gambia<\/option><option value=\"GE\" >Georgia<\/option><option value=\"DE\" >Alemania<\/option><option value=\"GH\" >Ghana<\/option><option value=\"GI\" >Gibraltar<\/option><option value=\"GR\" >Grecia<\/option><option value=\"GL\" >Groenlandia<\/option><option value=\"GD\" >Granada<\/option><option value=\"GP\" >Guadalupe<\/option><option value=\"GU\" >Guam<\/option><option value=\"GT\" >Guatemala<\/option><option value=\"GG\" >Guernsey<\/option><option value=\"GN\" >Guinea<\/option><option value=\"GW\" >Guinea-Bis\u00e1u<\/option><option value=\"GY\" >Guyana<\/option><option value=\"HT\" >Hait\u00ed<\/option><option value=\"HM\" >Islas Heard y McDonald<\/option><option value=\"HN\" >Honduras<\/option><option value=\"HK\" >Hong Kong<\/option><option value=\"HU\" >Hungr\u00eda<\/option><option value=\"IS\" >Islandia<\/option><option value=\"IN\" >India<\/option><option value=\"ID\" >Indonesia<\/option><option value=\"IR\" >Ir\u00e1n<\/option><option value=\"IQ\" >Iraq<\/option><option value=\"IE\" >Irlanda<\/option><option value=\"IM\" >Isla de Man<\/option><option value=\"IL\" >Israel<\/option><option value=\"IT\" >Italia<\/option><option value=\"CI\" >Costa de Marfil<\/option><option value=\"JM\" >Jamaica<\/option><option value=\"JP\" >Jap\u00f3n<\/option><option value=\"JE\" >Jersey<\/option><option value=\"JO\" >Jord\u00e1n<\/option><option value=\"KZ\" >Kazajist\u00e1n<\/option><option value=\"KE\" >Kenia<\/option><option value=\"KI\" >Kiribati<\/option><option value=\"KW\" >Kuwait<\/option><option value=\"KG\" >Kirguist\u00e1n<\/option><option value=\"LA\" >Laos<\/option><option value=\"LV\" >Letonia<\/option><option value=\"LB\" >L\u00edbano<\/option><option value=\"LS\" >Lesoto<\/option><option value=\"LR\" >Liberia<\/option><option value=\"LY\" >L\u00edbia<\/option><option value=\"LI\" >Liechtenstein<\/option><option value=\"LT\" >Lituania<\/option><option value=\"LU\" >Luxemburgo<\/option><option value=\"MO\" >Macao S.A.R., China<\/option><option value=\"MK\" >Macedonia<\/option><option value=\"MG\" >Madagascar<\/option><option value=\"MW\" >Malaui<\/option><option value=\"MY\" >Malasia<\/option><option value=\"MV\" >Maldivas<\/option><option value=\"ML\" >Mali<\/option><option value=\"MT\" >Malta<\/option><option value=\"MH\" >Islas Marshall<\/option><option value=\"MQ\" >Martinica<\/option><option value=\"MR\" >Mauritania<\/option><option value=\"MU\" >Mauricio<\/option><option value=\"YT\" >Mayotte<\/option><option value=\"MX\" >M\u00e9jico<\/option><option value=\"FM\" >Micronesia<\/option><option value=\"MD\" >Moldavia<\/option><option value=\"MC\" >M\u00f3naco<\/option><option value=\"MN\" >Mongolia<\/option><option value=\"ME\" >Montenegro<\/option><option value=\"MS\" >Montserrat<\/option><option value=\"MA\" >Marruecos<\/option><option value=\"MZ\" >Mozambique<\/option><option value=\"MM\" >Birmania<\/option><option value=\"NA\" >Namibia<\/option><option value=\"NR\" >Nauru<\/option><option value=\"NP\" >Nepal<\/option><option value=\"NL\" >Pa\u00edses Bajos<\/option><option value=\"NC\" >Nueva Caledonia<\/option><option value=\"NZ\" >Nueva Zelanda<\/option><option value=\"NI\" >Nicaragua<\/option><option value=\"NE\" >N\u00edger<\/option><option value=\"NG\" >Nigeria<\/option><option value=\"NU\" >Niue<\/option><option value=\"NF\" >Isla Norfolk<\/option><option value=\"MP\" >Islas Marianas del Norte<\/option><option value=\"KP\" >Corea del Norte<\/option><option value=\"NO\" >Noruega<\/option><option value=\"OM\" >Om\u00e1n<\/option><option value=\"PK\" >Pakist\u00e1n<\/option><option value=\"PS\" >Territorio Palestino<\/option><option value=\"PA\" >Panam\u00e1<\/option><option value=\"PG\" >Pap\u00faa Nueva Guinea<\/option><option value=\"PY\" >Paraguay<\/option><option value=\"PE\" >Per\u00fa<\/option><option value=\"PH\" >Filipinas<\/option><option value=\"PN\" >Pitcairn<\/option><option value=\"PL\" >Polonia<\/option><option value=\"PT\" >Portugal<\/option><option value=\"PR\" >Puerto Rico<\/option><option value=\"QA\" >Catar<\/option><option value=\"RE\" >Reuni\u00f3n<\/option><option value=\"RO\" >Ruman\u00eda<\/option><option value=\"RU\" >Rusia<\/option><option value=\"RW\" >Ruanda<\/option><option value=\"BL\" >San Bartolom\u00e9<\/option><option value=\"SH\" >Santa Helena<\/option><option value=\"KN\" >San Crist\u00f3bal y Nieves<\/option><option value=\"LC\" >Santa Luc\u00eda<\/option><option value=\"MF\" >San Martin (parte francesa)<\/option><option value=\"SX\" >San Mart\u00edn (parte alemana)<\/option><option value=\"PM\" >San Pedro y Miquel\u00f3n<\/option><option value=\"VC\" >San Vicente y las Granadinas<\/option><option value=\"SM\" >San Marino<\/option><option value=\"ST\" >Santo Tom\u00e9 y Pr\u00edncipe<\/option><option value=\"SA\" >Arabia Saud\u00ed<\/option><option value=\"SN\" >Senegal<\/option><option value=\"RS\" >Serbia<\/option><option value=\"SC\" >Seychelles<\/option><option value=\"SL\" >Sierra Leona<\/option><option value=\"SG\" >Singapur<\/option><option value=\"SK\" >Eslovaquia<\/option><option value=\"SI\" >Eslovenia<\/option><option value=\"SB\" >Islas Salom\u00f3n<\/option><option value=\"SO\" >Somalia<\/option><option value=\"ZA\" >Sud\u00e1frica<\/option><option value=\"GS\" >Georgia del Sur\/Islas Sandwich<\/option><option value=\"KR\" >Corea del Sur<\/option><option value=\"SS\" >Sud\u00e1n del Sur<\/option><option value=\"ES\" >Espa\u00f1a<\/option><option value=\"LK\" >Sri Lanka<\/option><option value=\"SD\" >Sud\u00e1n<\/option><option value=\"SR\" >Surinam<\/option><option value=\"SJ\" >Svalbard and Jan Mayen<\/option><option value=\"SZ\" >Suazilandia<\/option><option value=\"SE\" >Suecia<\/option><option value=\"CH\" >Suiza<\/option><option value=\"SY\" >Siria<\/option><option value=\"TW\" >Taiw\u00e1n<\/option><option value=\"TJ\" >Tayikist\u00e1n<\/option><option value=\"TZ\" >Tanzania<\/option><option value=\"TH\" >Tailandia<\/option><option value=\"TL\" >Timor-Leste<\/option><option value=\"TG\" >Togo<\/option><option value=\"TK\" >Tokelau<\/option><option value=\"TO\" >Tonga<\/option><option value=\"TT\" >Trinidad y Tobago<\/option><option value=\"TN\" >T\u00fanez<\/option><option value=\"TR\" >Turqu\u00eda<\/option><option value=\"TM\" >Turkmenist\u00e1n<\/option><option value=\"TC\" >Islas Turcas y Caicos<\/option><option value=\"TV\" >Tuvalu<\/option><option value=\"UG\" >Uganda<\/option><option value=\"UA\" >Ucrania<\/option><option value=\"AE\" >Emiratos \u00c1rabes Unidos<\/option><option value=\"GB\" >Reino Unido (UK)<\/option><option value=\"US\" >Estados Unidos (EEUU)<\/option><option value=\"UM\" >Estados Unidos (EEUU) Islas Ultramarinas Menores<\/option><option value=\"VI\" >Estados Unidos (EEUU) Islas V\u00edrgenes<\/option><option value=\"UY\" >Uruguay<\/option><option value=\"UZ\" >Uzbekist\u00e1n<\/option><option value=\"VU\" >Vanuatu<\/option><option value=\"VA\" >Vaticano<\/option><option value=\"VE\" >Venezuela<\/option><option value=\"VN\" >Vietnam<\/option><option value=\"WF\" >Wallis y Futuna<\/option><option value=\"EH\" >Sahara del Oeste<\/option><option value=\"WS\" >Samoa<\/option><option value=\"YE\" >Yemen<\/option><option value=\"ZM\" >Zambia<\/option><option value=\"ZW\" >Zimbabue<\/option>\n\t\t\t\t\t\t<\/select><\/div>\t\t\t\t\t\t\t\t\t<\/div>\n\t\t\t\t\t\t\t\t\t\t\t\t\t\t\t\t<\/div>\n\t\t\t\t\t\t\t\t\t\t\t\t\t\t<div class=\"ur-form-grid ur-grid-2\"\n\t\t\t\t\t\t\t\tstyle=\"width:48%\">\n\t\t\t\t\t\t\t\t\t\t\t\t\t\t\t\t<div  data-field-id=\"input_box_1725986782\" class=\"ur-field-item field-text\" data-ref-id=\"input_box_1725986782\" data-field-pattern-enabled=\"0\" data-field-pattern-value=\" \" data-field-pattern-message=\" \">\n\t\t\t\t\t\t\t\t\t\t<div class=\"form-row\" id=\"input_box_1725986782_field\" data-priority=\"\" ><label for=\"input_box_1725986782\" class=\"ur-label\">City<\/label> <span class=\"input-wrapper\"> <input  data-rules=\"\" data-id=\"input_box_1725986782\" type=\"text\" class=\"input-text   input-text ur-frontend-field\" name=\"input_box_1725986782\" id=\"input_box_1725986782\" placeholder=\"\"  value=\"\" data-label=\"City\" \/> <\/span> <\/div>\t\t\t\t\t\t\t\t\t<\/div>\n\t\t\t\t\t\t\t\t\t\t\t\t\t\t\t\t<\/div>\n\t\t\t\t\t\t\t\t\t\t\t\t\t<\/div>\n\t\t\t\t\t\t<div class=\"ur-form-row\" data-row-id=\"2\">\t\t\t\t\t\t\t<div class=\"ur-form-grid ur-grid-1\"\n\t\t\t\t\t\t\t\tstyle=\"width:99%\">\n\t\t\t\t\t\t\t\t\t\t\t\t\t\t\t\t<div  data-field-id=\"privacy_policy_1725984937\" class=\"ur-field-item field-privacy_policy\" data-ref-id=\"privacy_policy_1725984937\" data-field-pattern-enabled=\"0\" data-field-pattern-value=\" \" data-field-pattern-message=\" \">\n\t\t\t\t\t\t\t\t\t\t<div class=\"form-row validate-required\" id=\"privacy_policy_1725984937_field\" data-priority=\"\" ><label class=\"ur-label checkbox\" required=\"required\" data-label=\"Pol\u00edtica de privacidad\">\n\t\t\t\t\t\t\t<input data-rules=\"\" data-id=\"privacy_policy_1725984937\" required=\"required\" data-label=\"Pol\u00edtica de privacidad\" data-value=\"\" type=\"checkbox\" class=\"input-checkbox ur-frontend-field\" name=\"privacy_policy_1725984937\" id=\"privacy_policy_1725984937\" value=\"1\"  \/> Pol\u00edtica de privacidad <abbr class=\"required\" title=\"obligatorio\">*<\/abbr><\/label><span class=\"description\">I accept the <a href='https:\/\/dokterwear.com\/es\/privacy-policy\/' target='_blank'> privacy policies. <\/a><\/span><\/div>\t\t\t\t\t\t\t\t\t<\/div>\n\t\t\t\t\t\t\t\t\t\t\t\t\t\t\t\t<\/div>\n\t\t\t\t\t\t\t\t\t\t\t\t\t<\/div>\n\t\t\t\t\t\t\t\t\t\t\t\t\t\t\t\t\t\t<div class=\"ur-button-container\" >\n\t\t\t\t\t\t\t\t\t\t\t\t\t\t<button type=\"submit\" class=\"btn button ur-submit-button\"  conditional_rules=\"&quot;&quot;\">\n\t\t\t\t\t\t\t\t<span><\/span>\n\t\t\t\t\t\t\t\tRegistro\t\t\t\t\t\t\t<\/button>\n\t\t\t\t\t\t\t\t\t\t\t\t\t\t\t\t\t\t\t\t<\/div>\n\t\t\t\t\t\t\n\t\t\t\t<div style=\"clear:both\"><\/div>\n\t\t\t\t\t\t\t\t<input type=\"hidden\" name=\"ur-registration-language\" value=\"es\"\/>\n\t\t\t\t<input type=\"hidden\" name=\"ur-user-form-id\" value=\"2652\"\/>\n\t\t\t\t<input type=\"hidden\" name=\"ur-redirect-url\" value=\"https:\/\/dokterwear.com\/es\/\"\/>\n\t\t\t\t<input type=\"hidden\" id=\"ur_frontend_form_nonce\" name=\"ur_frontend_form_nonce\" value=\"eb92c420fa\" \/>\n\t\t\t\t\n\t\t\t<input type=\"hidden\" name=\"trp-form-language\" value=\"es\"\/><\/form>\n\t\t\t\n\t\t<div style=\"clear:both\"><\/div>\n\t<\/div>","protected":false},"excerpt":{"rendered":"","protected":false},"author":1,"featured_media":0,"parent":0,"menu_order":0,"comment_status":"closed","ping_status":"closed","template":"","meta":{"_uag_custom_page_level_css":"","footnotes":""},"class_list":["post-2653","page","type-page","status-publish","hentry"],"blocksy_meta":[],"uagb_featured_image_src":{"full":false,"thumbnail":false,"medium":false,"medium_large":false,"large":false,"1536x1536":false,"2048x2048":false,"trp-custom-language-flag":false,"woocommerce_archive_thumbnail":false,"woocommerce_thumbnail":false,"woocommerce_single":false,"woocommerce_gallery_thumbnail":false},"uagb_author_info":{"display_name":"dokterworkwear@gmail.com","author_link":"https:\/\/dokterwear.com\/es\/author\/dokterworkweargmail-com\/"},"uagb_comment_info":0,"uagb_excerpt":null,"_links":{"self":[{"href":"https:\/\/dokterwear.com\/es\/wp-json\/wp\/v2\/pages\/2653"}],"collection":[{"href":"https:\/\/dokterwear.com\/es\/wp-json\/wp\/v2\/pages"}],"about":[{"href":"https:\/\/dokterwear.com\/es\/wp-json\/wp\/v2\/types\/page"}],"author":[{"embeddable":true,"href":"https:\/\/dokterwear.com\/es\/wp-json\/wp\/v2\/users\/1"}],"replies":[{"embeddable":true,"href":"https:\/\/dokterwear.com\/es\/wp-json\/wp\/v2\/comments?post=2653"}],"version-history":[{"count":5,"href":"https:\/\/dokterwear.com\/es\/wp-json\/wp\/v2\/pages\/2653\/revisions"}],"predecessor-version":[{"id":2757,"href":"https:\/\/dokterwear.com\/es\/wp-json\/wp\/v2\/pages\/2653\/revisions\/2757"}],"wp:attachment":[{"href":"https:\/\/dokterwear.com\/es\/wp-json\/wp\/v2\/media?parent=2653"}],"curies":[{"name":"wp","href":"https:\/\/api.w.org\/{rel}","templated":true}]}}