{"id":2545,"date":"2024-09-06T16:36:10","date_gmt":"2024-09-06T14:36:10","guid":{"rendered":"https:\/\/dokterwear.com\/?page_id=2545"},"modified":"2024-12-21T14:49:57","modified_gmt":"2024-12-21T13:49:57","slug":"lab-coat","status":"publish","type":"page","link":"https:\/\/dokterwear.com\/es\/lab-coat\/","title":{"rendered":"Mandil Mujer"},"content":{"rendered":"<div class=\"wp-block-columns is-layout-flex wp-container-core-columns-is-layout-1 wp-block-columns-is-layout-flex\"><div class=\"wp-block-column is-layout-flow wp-block-column-is-layout-flow\"><figure class=\"wp-block-image size-large\"><img loading=\"lazy\" decoding=\"async\" width=\"695\" height=\"1024\" src=\"http:\/\/dokterwear.com\/wp-content\/uploads\/2024\/12\/IMG_1658-695x1024.jpg\" alt=\"\" class=\"wp-image-2981\" srcset=\"https:\/\/dokterwear.com\/wp-content\/uploads\/2024\/12\/IMG_1658-695x1024.jpg 695w, https:\/\/dokterwear.com\/wp-content\/uploads\/2024\/12\/IMG_1658-scaled-1200x1769.jpg 1200w, https:\/\/dokterwear.com\/wp-content\/uploads\/2024\/12\/IMG_1658-768x1132.jpg 768w, https:\/\/dokterwear.com\/wp-content\/uploads\/2024\/12\/IMG_1658-1042x1536.jpg 1042w, https:\/\/dokterwear.com\/wp-content\/uploads\/2024\/12\/IMG_1658-1390x2048.jpg 1390w, https:\/\/dokterwear.com\/wp-content\/uploads\/2024\/12\/IMG_1658-8x12.jpg 8w, https:\/\/dokterwear.com\/wp-content\/uploads\/2024\/12\/IMG_1658-204x300.jpg 204w, https:\/\/dokterwear.com\/wp-content\/uploads\/2024\/12\/IMG_1658-scaled.jpg 1737w\" sizes=\"(max-width: 695px) 100vw, 695px\" \/><\/figure><\/div>\n\n<div class=\"wp-block-column is-layout-flow wp-block-column-is-layout-flow\"><p class=\"has-inter-font-family\">Las batas m\u00e9dicas, s\u00edmbolo universal de confianza y profesionalismo, tienen una historia profundamente ligada al avance de la medicina. Originalmente, en el siglo XIX, las batas eran blancas para representar la pureza y la esterilidad, un est\u00e1ndar clave con el surgimiento de la teor\u00eda de los g\u00e9rmenes y la antisepsia. Sin embargo, a medida que los hospitales crecieron y evolucionaron, las batas asumieron nuevas funciones, desde ofrecer protecci\u00f3n contra agentes infecciosos hasta ayudar a los pacientes a identificar f\u00e1cilmente al personal m\u00e9dico.<\/p>\n\n<p class=\"has-inter-font-family\">En el entorno actual, los profesionales m\u00e9dicos buscan batas que combinen funcionalidad y estilo. La comodidad y la durabilidad son fundamentales, ya que las batas deben resistir largas jornadas y m\u00faltiples lavados. Adem\u00e1s, los m\u00e9dicos valoran los dise\u00f1os modernos que reflejan autoridad sin sacrificar la movilidad o la protecci\u00f3n contra l\u00edquidos y bacterias.<\/p>\n\n<p class=\"has-inter-font-family\"><strong>DOKTER<\/strong> redefine las batas m\u00e9dicas con innovaci\u00f3n y excelencia. Confeccionadas con materiales de \u00faltima generaci\u00f3n, nuestras batas ofrecen un perfecto equilibrio entre ligereza, resistencia y elegancia. Incorporan tecnolog\u00edas antimicrobianas y acabados repelentes para mayor seguridad, adem\u00e1s de cortes ergon\u00f3micos que permiten libertad de movimientos. Con DOKTER, los profesionales no s\u00f3lo llevan una prenda funcional, sino un s\u00edmbolo de confianza dise\u00f1ado para afrontar los desaf\u00edos de la medicina moderna.<\/p>\n\n<p><\/p><\/div><\/div><div class=\"woocommerce columns-4\"><ul class=\"products columns-4\" data-products=\"type-2\">\n<li class=\"product type-product post-2059 status-publish first instock product_cat-collection-women product_cat-lab-coat product_cat-women has-post-thumbnail taxable shipping-taxable purchasable product-type-variable\">\n\t<a href=\"https:\/\/dokterwear.com\/es\/producto\/lab-coat1-2\/\" class=\"woocommerce-LoopProduct-link woocommerce-loop-product__link\"><img loading=\"lazy\" decoding=\"async\" width=\"300\" height=\"300\" src=\"https:\/\/dokterwear.com\/wp-content\/uploads\/2024\/08\/image00007-scaled-300x300.jpeg\" class=\"attachment-woocommerce_thumbnail size-woocommerce_thumbnail\" alt=\"\" srcset=\"https:\/\/dokterwear.com\/wp-content\/uploads\/2024\/08\/image00007-300x300.jpeg 300w, https:\/\/dokterwear.com\/wp-content\/uploads\/2024\/08\/image00007-scaled-600x600.jpeg 600w, https:\/\/dokterwear.com\/wp-content\/uploads\/2024\/08\/image00007-1024x1024.jpeg 1024w, https:\/\/dokterwear.com\/wp-content\/uploads\/2024\/08\/image00007-150x150.jpeg 150w\" sizes=\"(max-width: 300px) 100vw, 300px\" \/><h2 class=\"woocommerce-loop-product__title\">Mandil Cl\u00e1sico Premium: Balance<\/h2>\n\t<span class=\"price\"><span class=\"woocommerce-Price-amount amount\"><bdi><span class=\"woocommerce-Price-currencySymbol\">&#36;<\/span>55,00<\/bdi><\/span> <small class=\"woocommerce-price-suffix\">IVA INC.<\/small><\/span>\n<\/a><a href=\"https:\/\/dokterwear.com\/es\/producto\/lab-coat1-2\/\" aria-describedby=\"woocommerce_loop_add_to_cart_link_describedby_2059\" data-quantity=\"1\" class=\"button product_type_variable add_to_cart_button cfvsw_ajax_add_to_cart\" data-product_id=\"2059\" data-product_sku=\"LBCW01\" aria-label=\"Elige las opciones para \u201cClassic Premium Lab Coat: Balance\u201d\" rel=\"nofollow\" data-add_to_cart_text=\"A\u00f1adir al carrito\" data-select_options_text=\"Seleccionar opciones\" data-no-translation=\"\" data-trp-gettext=\"\" data-no-translation-aria-label=\"\" data-no-translation-data-select_options_text=\"\">Seleccionar opciones<\/a>\t<span id=\"woocommerce_loop_add_to_cart_link_describedby_2059\" class=\"screen-reader-text\">\n\t\tEste producto tiene m\u00faltiples variantes. Las opciones se pueden elegir en la p\u00e1gina de producto\t<\/span>\n<\/li>\n<li class=\"product type-product post-3206 status-publish instock product_cat-collections-men product_cat-collection-women product_cat-lab-coat product_cat-lab-coats product_cat-men product_cat-scrub-pants product_cat-scrub-pants-scrubs-men product_cat-scrub-sets-scrubs-men product_cat-scrub-sets product_cat-scrub-top-men product_cat-scrub-tops product_cat-scrubs product_cat-scrubs-men product_cat-women has-post-thumbnail taxable shipping-taxable purchasable product-type-variable has-default-attributes\">\n\t<a href=\"https:\/\/dokterwear.com\/es\/producto\/embroidery\/\" class=\"woocommerce-LoopProduct-link woocommerce-loop-product__link\"><img loading=\"lazy\" decoding=\"async\" width=\"300\" height=\"300\" src=\"https:\/\/dokterwear.com\/wp-content\/uploads\/2024\/12\/EMBROIDER-POCKET-TOP-RADIANT-300x300.jpeg\" class=\"attachment-woocommerce_thumbnail size-woocommerce_thumbnail\" alt=\"\" srcset=\"https:\/\/dokterwear.com\/wp-content\/uploads\/2024\/12\/EMBROIDER-POCKET-TOP-RADIANT-300x300.jpeg 300w, https:\/\/dokterwear.com\/wp-content\/uploads\/2024\/12\/EMBROIDER-POCKET-TOP-RADIANT-600x600.jpeg 600w\" sizes=\"(max-width: 300px) 100vw, 300px\" \/><h2 class=\"woocommerce-loop-product__title\">Embroidery<\/h2>\n\t<span class=\"price\"><span class=\"woocommerce-Price-amount amount\"><bdi><span class=\"woocommerce-Price-currencySymbol\">&#36;<\/span>2,50<\/bdi><\/span> &ndash; <span class=\"woocommerce-Price-amount amount\"><bdi><span class=\"woocommerce-Price-currencySymbol\">&#36;<\/span>12,00<\/bdi><\/span> <small class=\"woocommerce-price-suffix\">IVA INC.<\/small><\/span>\n<\/a><a href=\"https:\/\/dokterwear.com\/es\/producto\/embroidery\/\" aria-describedby=\"woocommerce_loop_add_to_cart_link_describedby_3206\" data-quantity=\"1\" class=\"button product_type_variable add_to_cart_button cfvsw_ajax_add_to_cart\" data-product_id=\"3206\" data-product_sku=\"EMB01\" aria-label=\"Elige las opciones para \u201cEmbroidery\u201d\" rel=\"nofollow\" data-add_to_cart_text=\"A\u00f1adir al carrito\" data-select_options_text=\"Seleccionar opciones\" data-no-translation=\"\" data-trp-gettext=\"\" data-no-translation-aria-label=\"\" data-no-translation-data-select_options_text=\"\">Seleccionar opciones<\/a>\t<span id=\"woocommerce_loop_add_to_cart_link_describedby_3206\" class=\"screen-reader-text\">\n\t\tEste producto tiene m\u00faltiples variantes. Las opciones se pueden elegir en la p\u00e1gina de producto\t<\/span>\n<\/li>\n<\/ul>\n<\/div>","protected":false},"excerpt":{"rendered":"<p>Medical gowns, a universal symbol of trust and professionalism, have a history deeply linked to the advancement of medicine. Originally, in the 19th century, gowns were white to represent purity and sterility, a key standard with the rise of germ theory and antisepsis. However, as hospitals grew and evolved, gowns took on new roles, from [&hellip;]<\/p>","protected":false},"author":1,"featured_media":0,"parent":0,"menu_order":0,"comment_status":"closed","ping_status":"closed","template":"","meta":{"_uag_custom_page_level_css":"","footnotes":""},"class_list":["post-2545","page","type-page","status-publish","hentry"],"blocksy_meta":[],"uagb_featured_image_src":{"full":false,"thumbnail":false,"medium":false,"medium_large":false,"large":false,"1536x1536":false,"2048x2048":false,"trp-custom-language-flag":false,"woocommerce_archive_thumbnail":false,"woocommerce_thumbnail":false,"woocommerce_single":false,"woocommerce_gallery_thumbnail":false},"uagb_author_info":{"display_name":"dokterworkwear@gmail.com","author_link":"https:\/\/dokterwear.com\/es\/author\/dokterworkweargmail-com\/"},"uagb_comment_info":0,"uagb_excerpt":"Medical gowns, a universal symbol of trust and professionalism, have a history deeply linked to the advancement of medicine. Originally, in the 19th century, gowns were white to represent purity and sterility, a key standard with the rise of germ theory and antisepsis. However, as hospitals grew and evolved, gowns took on new roles, from&hellip;","_links":{"self":[{"href":"https:\/\/dokterwear.com\/es\/wp-json\/wp\/v2\/pages\/2545"}],"collection":[{"href":"https:\/\/dokterwear.com\/es\/wp-json\/wp\/v2\/pages"}],"about":[{"href":"https:\/\/dokterwear.com\/es\/wp-json\/wp\/v2\/types\/page"}],"author":[{"embeddable":true,"href":"https:\/\/dokterwear.com\/es\/wp-json\/wp\/v2\/users\/1"}],"replies":[{"embeddable":true,"href":"https:\/\/dokterwear.com\/es\/wp-json\/wp\/v2\/comments?post=2545"}],"version-history":[{"count":7,"href":"https:\/\/dokterwear.com\/es\/wp-json\/wp\/v2\/pages\/2545\/revisions"}],"predecessor-version":[{"id":3316,"href":"https:\/\/dokterwear.com\/es\/wp-json\/wp\/v2\/pages\/2545\/revisions\/3316"}],"wp:attachment":[{"href":"https:\/\/dokterwear.com\/es\/wp-json\/wp\/v2\/media?parent=2545"}],"curies":[{"name":"wp","href":"https:\/\/api.w.org\/{rel}","templated":true}]}}