{"id":10,"date":"2024-09-03T22:10:04","date_gmt":"2024-09-03T20:10:04","guid":{"rendered":"http:\/\/dokterwear.com\/?page_id=10"},"modified":"2024-12-21T15:08:51","modified_gmt":"2024-12-21T14:08:51","slug":"refund_returns","status":"publish","type":"page","link":"https:\/\/dokterwear.com\/es\/refund_returns\/","title":{"rendered":"Pol\u00edtica de reembolsos y devoluciones"},"content":{"rendered":"<h2 class=\"wp-block-heading\">Descripci\u00f3n general<\/h2><p class=\"has-inter-font-family\">Our refund and returns policy lasts 15 days.<\/p><p class=\"has-inter-font-family\">If 15 days have passed since your purchase, we can\u2019t offer you a full refund or exchange.<\/p><p class=\"has-inter-font-family\">Para ser elegible para una devoluci\u00f3n, su art\u00edculo debe estar sin usar y en las mismas condiciones en que lo recibi\u00f3. Tambi\u00e9n debe estar en el embalaje original.<\/p><p class=\"has-inter-font-family\">Varios tipos de bienes est\u00e1n exentos de devoluci\u00f3n. Productos \u00edntimos o art\u00edculos sanitarios.<\/p><p class=\"has-inter-font-family\">Art\u00edculos adicionales no retornables:<\/p><ul class=\"wp-block-list\"><li class=\"has-inter-font-family\">Productos que son personalizados (bordados y ajustes)<\/li>\n\n<li class=\"has-inter-font-family\">Tarjetas de Regalo<\/li>\n\n<li class=\"has-inter-font-family\">Productos descargables<\/li>\n\n<li class=\"has-inter-font-family\">Algunos productos de uso personal<\/li><\/ul><p class=\"has-inter-font-family\">Para completar su devoluci\u00f3n, requerimos un recibo o comprobante de compra.<\/p><p class=\"has-inter-font-family\">Hay determinadas situaciones en las que s\u00f3lo se conceden reembolsos parciales:<\/p><ul class=\"wp-block-list\"><li class=\"has-inter-font-family\">Cualquier art\u00edculo que no est\u00e9 en su estado original, est\u00e9 da\u00f1ado o le falten piezas por motivos ajenos a nuestro error.<\/li>\n\n<li class=\"has-inter-font-family\">Any item that is returned more than 15 days after delivery<\/li><\/ul><p class=\"has-inter-font-family\">Una vez recibida e inspeccionada su devoluci\u00f3n, le enviaremos un correo electr\u00f3nico para notificarle que hemos recibido su art\u00edculo devuelto. Tambi\u00e9n le notificaremos de la aprobaci\u00f3n o rechazo de su reembolso.<\/p><p class=\"has-inter-font-family\">Si es aprobado, se procesar\u00e1 su reembolso y se aplicar\u00e1 autom\u00e1ticamente un cr\u00e9dito a su tarjeta de cr\u00e9dito o m\u00e9todo de pago original, dentro de una cierta cantidad de d\u00edas.<\/p><h2 class=\"wp-block-heading\">Reembolsos tard\u00edos o faltantes<\/h2><p>Si a\u00fan no ha recibido un reembolso, primero verifique nuevamente su cuenta bancaria.<\/p><p class=\"has-inter-font-family\">Luego, comun\u00edquese con la compa\u00f1\u00eda de su tarjeta de cr\u00e9dito; puede pasar alg\u00fan tiempo antes de que su reembolso se publique oficialmente.<\/p><p class=\"has-inter-font-family\">A continuaci\u00f3n contacta con tu banco. A menudo hay alg\u00fan tiempo de procesamiento antes de que se publique un reembolso.<\/p><p class=\"has-inter-font-family\">Si ha hecho todo esto y a\u00fan no ha recibido su reembolso, cont\u00e1ctenos en support@dokterwear.com.<\/p><h2 class=\"wp-block-heading\">Items en descuento<\/h2><p class=\"has-inter-font-family\">S\u00f3lo se podr\u00e1n reembolsar los art\u00edculos con precio regular. Los art\u00edculos en oferta no se pueden reembolsar.<\/p><p class=\"has-inter-font-family\">Solo reemplazamos art\u00edculos si est\u00e1n defectuosos o da\u00f1ados. Si necesitas cambiarlo por el mismo art\u00edculo, env\u00edanos un correo electr\u00f3nico a support@dokterwear.com y env\u00eda tu art\u00edculo a: Av. P\u00edo Jaramillo y Brasil Esq. (Loja-Ecuador)<\/p><p><\/p><p class=\"has-inter-font-family\">Si el art\u00edculo se marc\u00f3 como regalo cuando se compr\u00f3 y se le envi\u00f3 directamente, recibir\u00e1 un cr\u00e9dito de regalo por el valor de su devoluci\u00f3n. Una vez recibido el art\u00edculo devuelto, se le enviar\u00e1 por correo un certificado de regalo.<\/p><p class=\"has-inter-font-family\">Si el art\u00edculo no estaba marcado como regalo cuando se compr\u00f3, o si el obsequio recibi\u00f3 el pedido para entreg\u00e1rselo m\u00e1s tarde, le enviaremos un reembolso al obsequio y \u00e9l se enterar\u00e1 de su devoluci\u00f3n.<\/p><p><\/p><p class=\"has-inter-font-family\">Para devolver su producto, deber\u00e1 enviar su producto por correo a: Av. P\u00edo Jaramillo y Brasil Esq. (Loja-Ecuador)<\/p><p class=\"has-inter-font-family\">Usted ser\u00e1 responsable de pagar sus propios costos de env\u00edo para devolver su art\u00edculo. Los costos de env\u00edo no son reembolsables. Si recibe un reembolso, el costo del env\u00edo de devoluci\u00f3n se deducir\u00e1 de su reembolso.<\/p><p class=\"has-inter-font-family\">Dependiendo de d\u00f3nde viva, el tiempo que puede tardar en llegar el producto intercambiado puede variar.<\/p><p class=\"has-inter-font-family\">Si devuelve art\u00edculos m\u00e1s caros, puede considerar utilizar un servicio de env\u00edo rastreable o comprar un seguro de env\u00edo. No garantizamos que recibiremos su art\u00edculo devuelto.<\/p><p><\/p><p class=\"has-inter-font-family\">Contact us at support@dokterwear.com for questions related to refunds and returns.<\/p><p><\/p>","protected":false},"excerpt":{"rendered":"<p>Overview Our refund and returns policy lasts 15 days. If 15 days have passed since your purchase, we can\u2019t offer you a full refund or exchange. To be eligible for a return, your item must be unused and in the same condition that you received it. It must also be in the original packaging. Several [&hellip;]<\/p>","protected":false},"author":1,"featured_media":0,"parent":0,"menu_order":0,"comment_status":"closed","ping_status":"closed","template":"","meta":{"_uag_custom_page_level_css":"","footnotes":""},"class_list":["post-10","page","type-page","status-publish","hentry"],"blocksy_meta":[],"uagb_featured_image_src":{"full":false,"thumbnail":false,"medium":false,"medium_large":false,"large":false,"1536x1536":false,"2048x2048":false,"trp-custom-language-flag":false,"woocommerce_archive_thumbnail":false,"woocommerce_thumbnail":false,"woocommerce_single":false,"woocommerce_gallery_thumbnail":false},"uagb_author_info":{"display_name":"dokterworkwear@gmail.com","author_link":"https:\/\/dokterwear.com\/es\/author\/dokterworkweargmail-com\/"},"uagb_comment_info":0,"uagb_excerpt":"Overview Our refund and returns policy lasts 15 days. If 15 days have passed since your purchase, we can\u2019t offer you a full refund or exchange. To be eligible for a return, your item must be unused and in the same condition that you received it. It must also be in the original packaging. Several&hellip;","_links":{"self":[{"href":"https:\/\/dokterwear.com\/es\/wp-json\/wp\/v2\/pages\/10"}],"collection":[{"href":"https:\/\/dokterwear.com\/es\/wp-json\/wp\/v2\/pages"}],"about":[{"href":"https:\/\/dokterwear.com\/es\/wp-json\/wp\/v2\/types\/page"}],"author":[{"embeddable":true,"href":"https:\/\/dokterwear.com\/es\/wp-json\/wp\/v2\/users\/1"}],"replies":[{"embeddable":true,"href":"https:\/\/dokterwear.com\/es\/wp-json\/wp\/v2\/comments?post=10"}],"version-history":[{"count":6,"href":"https:\/\/dokterwear.com\/es\/wp-json\/wp\/v2\/pages\/10\/revisions"}],"predecessor-version":[{"id":3328,"href":"https:\/\/dokterwear.com\/es\/wp-json\/wp\/v2\/pages\/10\/revisions\/3328"}],"wp:attachment":[{"href":"https:\/\/dokterwear.com\/es\/wp-json\/wp\/v2\/media?parent=10"}],"curies":[{"name":"wp","href":"https:\/\/api.w.org\/{rel}","templated":true}]}}